{"id":5513,"date":"2021-07-14T22:47:38","date_gmt":"2021-07-14T22:47:38","guid":{"rendered":"https:\/\/neoemki.hu\/index.php\/contact-us\/"},"modified":"2026-04-07T11:53:41","modified_gmt":"2026-04-07T11:53:41","slug":"contact-us","status":"publish","type":"page","link":"https:\/\/neoemki.hu\/en\/contact-us\/","title":{"rendered":"Contact Us"},"content":{"rendered":"\n<h2 class=\"wp-block-heading\">Company data<\/h2>\n\n\n\n<figure class=\"wp-block-table\"><table><tbody><tr><td>Company name:<\/td><td>NEOEMKI National Medical Device Conformity Assessment and Certification LLC<\/td><\/tr><tr><td>Registration Number:<\/td><td>01-09-357519<\/td><\/tr><tr><td>Management:<\/td><td>G\u00e1bor Moln\u00e1r managing director<\/td><\/tr><tr><td>Headquarters:<br>Location:<\/td><td>1097 Budapest Albert Fl\u00f3ri\u00e1n \u00fat 3\/a. (No reception)<br>1148 Budapest Nagy Lajos kir\u00e1ly \u00fatja 10. 3rd floor.<\/td><\/tr><tr><td>Postal address:<\/td><td>1463 Budapest, Pf. 853.<\/td><\/tr><tr><td>Telephone:<\/td><td>+36-20\/268-7595<\/td><\/tr><tr><td>Email:<\/td><td><a href=\"mailto:cert@emki.hu\">cert@emki.hu<\/a><\/td><\/tr><tr><td><\/td><td><\/td><\/tr><tr><td>Opening hours:<\/td><td>Tuesdays and Thursdays from 9 a.m. to 2 p.m. (On working days only.)<\/td><\/tr><\/tbody><\/table><\/figure>\n\n\n<style>.wp-block-kadence-spacer.kt-block-spacer-5513_d397a1-8a .kt-block-spacer{height:75px;}.wp-block-kadence-spacer.kt-block-spacer-5513_d397a1-8a .kt-divider{border-top-width:1px;height:1px;border-top-color:#eee;width:80%;border-top-style:solid;}<\/style>\n<div class=\"wp-block-kadence-spacer aligncenter kt-block-spacer-5513_d397a1-8a\"><div class=\"kt-block-spacer kt-block-spacer-halign-center\"><hr class=\"kt-divider\"\/><\/div><\/div>\n\n\n\n<h2 class=\"wp-block-heading\">Location<\/h2>\n\n\n\n<iframe src=\"https:\/\/www.google.com\/maps\/embed?pb=!1m18!1m12!1m3!1d2696.6697859804617!2d19.088655951457522!3d47.47686397907418!2m3!1f0!2f0!3f0!3m2!1i1024!2i768!4f13.1!3m3!1m2!1s0x4741dce12d07985f%3A0x89de48c310a720d4!2zQnVkYXBlc3QsIEFsYmVydCBGbMOzcmnDoW4gw7p0IDNhLCAxMDk3!5e0!3m2!1shu!2shu!4v1627211535448!5m2!1shu!2shu\" width=\"900\" height=\"500\" style=\"border:0;\" allowfullscreen=\"\" loading=\"lazy\"><\/iframe>\n<br>\n\n\n<style>.wp-block-kadence-spacer.kt-block-spacer-5513_270fe2-69 .kt-block-spacer{height:75px;}.wp-block-kadence-spacer.kt-block-spacer-5513_270fe2-69 .kt-divider{border-top-width:1px;height:1px;border-top-color:#eee;width:80%;border-top-style:solid;}<\/style>\n<div class=\"wp-block-kadence-spacer aligncenter kt-block-spacer-5513_270fe2-69\"><div class=\"kt-block-spacer kt-block-spacer-halign-center\"><hr class=\"kt-divider\"\/><\/div><\/div>\n\n\n\n<h2 class=\"wp-block-heading\">Reporting, Complaint and Appeal management<\/h2>\n\n\n\n<p>NEOEMKI LLC. operate a procedure for managing of incoming reports, complaints and appeals.<\/p>\n\n\n\n<p>Suspected violation of applicable regulations, rules, internal or external codes determined by company management or authorities may be reported as organizational integrity issue.<\/p>\n\n\n\n<p>Company management regularly reviews the procedure in order to assure its persistent compliance, appropriateness and effectiveness.<\/p>\n\n\n\n<div class=\"wp-block-buttons is-layout-flex wp-block-buttons-is-layout-flex\">\n<div class=\"wp-block-button\"><a class=\"wp-block-button__link wp-element-button\" href=\"\/wp-content\/uploads\/2021\/09\/E97-claims-and-appeals-1-1-EN.pdf\" target=\"_blank\" rel=\"noreferrer noopener\">\u25bc Download<\/a><\/div>\n<\/div>\n\n\n<style>.wp-block-kadence-spacer.kt-block-spacer-5513_b62f9d-71 .kt-block-spacer{height:75px;}.wp-block-kadence-spacer.kt-block-spacer-5513_b62f9d-71 .kt-divider{border-top-width:1px;height:1px;border-top-color:#eee;width:80%;border-top-style:solid;}<\/style>\n<div class=\"wp-block-kadence-spacer aligncenter kt-block-spacer-5513_b62f9d-71\"><div class=\"kt-block-spacer kt-block-spacer-halign-center\"><hr class=\"kt-divider\"\/><\/div><\/div>\n\n\n\n<h2 class=\"wp-block-heading\">Requesting for data of public interest<\/h2>\n\n\n\n<p>NEOEMKI LLC runs internal procedure for granting access to data of public interest according to applicable legislation. In case of need please follow the procedure.<a href=\"https:\/\/www.opten.hu\/optijus\/lawtext\/166541\/listid\/1459405126560#sup1\"><\/a><\/p>\n\n\n\n<div class=\"wp-block-buttons is-layout-flex wp-block-buttons-is-layout-flex\">\n<div class=\"wp-block-button\"><a class=\"wp-block-button__link wp-element-button\" href=\"\/wp-content\/uploads\/2021\/09\/M7407-Kozerdeku-adatok-megismerese-0-0-angol.pdf\" target=\"_blank\" rel=\"noreferrer noopener\">\u25bc Download<\/a><\/div>\n<\/div>\n","protected":false},"excerpt":{"rendered":"<p>Company data Company name: NEOEMKI National Medical Device Conformity Assessment and Certification LLC Registration Number: 01-09-357519 Management: G\u00e1bor Moln\u00e1r managing director Headquarters:Location: 1097 Budapest Albert Fl\u00f3ri\u00e1n \u00fat 3\/a. (No reception)1148 Budapest Nagy Lajos kir\u00e1ly \u00fatja 10. 3rd floor. Postal address: 1463 Budapest, Pf. 853. Telephone: +36-20\/268-7595 Email: cert@emki.hu Opening hours: Tuesdays and Thursdays from 9 a.m. to 2 p.m. (On working days only.) Location Reporting, Complaint and Appeal management NEOEMKI LLC. operate a procedure for managing of incoming reports, complaints &#8230; <\/p>\n<p class=\"read-more-container\"><a title=\"Contact Us\" class=\"read-more button\" href=\"https:\/\/neoemki.hu\/en\/contact-us\/#more-5513\" aria-label=\"Read more about Contact Us\">B\u0151vebben<\/a><\/p>\n","protected":false},"author":2,"featured_media":0,"parent":0,"menu_order":0,"comment_status":"closed","ping_status":"closed","template":"","meta":{"footnotes":""},"class_list":["post-5513","page","type-page","status-publish"],"_links":{"self":[{"href":"https:\/\/neoemki.hu\/en\/wp-json\/wp\/v2\/pages\/5513","targetHints":{"allow":["GET"]}}],"collection":[{"href":"https:\/\/neoemki.hu\/en\/wp-json\/wp\/v2\/pages"}],"about":[{"href":"https:\/\/neoemki.hu\/en\/wp-json\/wp\/v2\/types\/page"}],"author":[{"embeddable":true,"href":"https:\/\/neoemki.hu\/en\/wp-json\/wp\/v2\/users\/2"}],"replies":[{"embeddable":true,"href":"https:\/\/neoemki.hu\/en\/wp-json\/wp\/v2\/comments?post=5513"}],"version-history":[{"count":1,"href":"https:\/\/neoemki.hu\/en\/wp-json\/wp\/v2\/pages\/5513\/revisions"}],"predecessor-version":[{"id":6100,"href":"https:\/\/neoemki.hu\/en\/wp-json\/wp\/v2\/pages\/5513\/revisions\/6100"}],"wp:attachment":[{"href":"https:\/\/neoemki.hu\/en\/wp-json\/wp\/v2\/media?parent=5513"}],"curies":[{"name":"wp","href":"https:\/\/api.w.org\/{rel}","templated":true}]}}